{"id":1438,"date":"2016-10-14T18:51:52","date_gmt":"2016-10-14T18:51:52","guid":{"rendered":"http:\/\/cybersec101.ca\/fr\/?page_id=1438"},"modified":"2016-10-14T22:25:57","modified_gmt":"2016-10-14T22:25:57","slug":"conditions-dutilisateurs","status":"publish","type":"page","link":"https:\/\/www.cybersec101.ca\/fr\/conditions-dutilisateurs\/","title":{"rendered":"cybersec101.ca &#8211; Termes et conditions d&rsquo;utilisation"},"content":{"rendered":"<p>&nbsp;<\/p>\n<p>Veuillez lire les Termes et conditions d&rsquo;utilisation, la Politique de protection des renseignements personnels et l&rsquo;Avis de droit d&rsquo;auteur qui suivent, ci-apr\u00e8s appel\u00e9s Conditions, r\u00e9gissant l&rsquo;utilisation du site Web cybersec101.ca. En utilisant, en navigant, en lisant ou en consultant le site Web du R\u00e9seau int\u00e9gr\u00e9 sur la cybers\u00e9curit\u00e9 (SERENE-RISC), vous signifiez que vous consentez, en votre nom ainsi qu&rsquo;au nom de l&rsquo;entit\u00e9 que vous repr\u00e9sentez, \u00e0 l&rsquo;ensemble des Conditions qui y sont stipul\u00e9es. Ne faites pas usage de ce site Web si vous ne souhaitez pas \u00eatre assujetti \u00e0 ces Conditions.<\/p>\n<p>L&rsquo;information que contient ce site ne peut en aucun cas servir \u00e0 des fins commerciales, de marketing, de diffusion \u00e9lectronique de masse ou tout autre usage non autoris\u00e9.<\/p>\n<p>SERENE-RISC se r\u00e9serve le droit d&rsquo;en retirer du contenu ou, \u00e0 tout moment, d&rsquo;interdire l&rsquo;acc\u00e8s \u00e0 ses pages \u00e0 certains ou \u00e0 l&rsquo;ensemble des utilisateurs sans au pr\u00e9alable \u00e9mettre d&rsquo;avis ni de justification.<\/p>\n<p>SERENE-RISC ne garantit aucunement l\u2019exactitude ni l&rsquo;int\u00e9gralit\u00e9 de l&rsquo;information publi\u00e9e sur cybersec101.ca.<\/p>\n<p>SERENE-RISC, ses dirigeants, employ\u00e9s ou autres agents ne sont responsables d\u2019aucun pr\u00e9judice, perte ou dommage r\u00e9sultant directement ou indirectement de l&rsquo;utilisation de cybersec101.ca ni d\u2019aucun hyperlien vers un site externe ou aucune application pr\u00e9sents sur le site ou en lien avec celui-ci.<\/p>\n<p><u>Politique de protection des renseignements personnels<\/u><\/p>\n<p>SERENE-RISC s&rsquo;est engag\u00e9 \u00e0 respecter la confidentialit\u00e9 de tous les utilisateurs de son site Web. Les renseignements collect\u00e9s par SERENE-RISC sur ce site Web et certains m\u00e9dias sociaux sont stock\u00e9s de fa\u00e7on s\u00e9curis\u00e9e afin d&rsquo;en assurer la protection contre un acc\u00e8s non autoris\u00e9; ils pourraient servir \u00e0 r\u00e9pondre \u00e0 des requ\u00eates ou \u00e0 des fins agr\u00e9g\u00e9es de statistiques, d&rsquo;\u00e9valuation ou d&rsquo;\u00e9laboration de rapports.<\/p>\n<p>SERENE-RISC ne vend ni ne diffuse vos renseignements personnels \u00e0 aucuns tiers. Toutefois, en raison de la nature m\u00eame des communications Internet, toutes les donn\u00e9es sont sujettes \u00e0 \u00eatre intercept\u00e9es ou perdues pour cause d&rsquo;\u00e9v\u00e9nements sur lesquels SERENE-RISC n&rsquo;exerce aucun contr\u00f4le.<\/p>\n<p>SERENE-RISC ne peut en aucun cas \u00eatre tenu responsable de probl\u00e8mes r\u00e9sultant d&rsquo;une telle interception ou perte de donn\u00e9es.<\/p>\n<p>Pour faciliter la t\u00e2che aux visiteurs du site Web, celui-ci peut contenir des applications fournies par des tiers ou des hyperliens pointant vers des sites externes ou des m\u00e9dias sociaux. SERENE-RISC n&rsquo;est aucunement responsable de ce contenu ni des politiques de ces sites externes ou de ces applications.<\/p>\n<p>Veuillez prendre note qu\u2019il arrive \u00e0 cybersec101.ca de stocker sur votre ordinateur des donn\u00e9es, telles qu&rsquo;un t\u00e9moin indiquant votre choix de langue, visant \u00e0 faciliter votre utilisation du site Web. En outre, ce site Web utilise parfois des t\u00e9moins (cookies), le stockage de donn\u00e9es en HTML5, JavaScript, Google Analytics ou autres dispositifs tiers.<\/p>\n<p>Des donn\u00e9es comme l&rsquo;adresse IP d&rsquo;origine, la date et l&rsquo;heure de visite, l\u2019\u00e2ge, le sexe et le type de navigateur utilis\u00e9 ou les pages visit\u00e9es peuvent donc \u00eatre collect\u00e9es par un dispositif tiers, mais elles ne sont pas utilis\u00e9es par SERENE-RISC afin d&rsquo;identifier des individus.<\/p>\n<p><u>Avis de droit d&rsquo;auteur<\/u><\/p>\n<p>La totalit\u00e9 du contenu de ce site Web est prot\u00e9g\u00e9e au Canada et \u00e0 l&rsquo;\u00e9tranger par la l\u00e9gislation sur le droit d&rsquo;auteur et autres lois sur la propri\u00e9t\u00e9 intellectuelle. Si vous souhaitez utiliser ou reproduire en tout ou en partie, pour un usage autre que personnel et individuel, le mat\u00e9riel contenu dans ce site Web, vous devez vous adresser \u00e0 <a href=\"mailto:info@serene-risc.ca\"><u>info@serene-risc.ca<\/u><\/a> afin d&rsquo;en obtenir la permission au pr\u00e9alable. Vous n&rsquo;\u00eates pas autoris\u00e9 \u00e0 publier, \u00e0 vendre ni \u00e0 louer le contenu de cybersec101.ca, ni \u00e0 utiliser ce site Web \u00e0 des fins commerciales, sans autorisation \u00e0 cet effet.<\/p>\n<p><u>Conditions r\u00e9gissant les hyperliens<\/u><\/p>\n<p>SERENE-RISC, \u00e0 sa seule discr\u00e9tion, peut mettre fin \u00e0 votre droit de publier un hyperlien vers ce site Web. S&rsquo;il advient que SERENE-RISC d\u00e9cide d&rsquo;exercer ce droit, vous acceptez par les pr\u00e9sentes de supprimer imm\u00e9diatement tous les hyperliens vers ce site ainsi que tout contenu leur \u00e9tant associ\u00e9.<\/p>\n<p>En publiant un hyperlien vers cybersec101.ca sur votre site Web, vous vous engagez \u00e0 ne pas insinuer que SERENE-RISC vous est affili\u00e9 ou qu&rsquo;il approuve vos propos, vos produits ou vos services sans en avoir obtenu l&rsquo;autorisation explicite, et \u00e0 ne pas associer ce site \u00e0 tout contenu pouvant \u00eatre consid\u00e9r\u00e9 ill\u00e9gal, d\u00e9plaisant ou offensant.<\/p>\n<p>En publiant un hyperlien vers ce site, vous consentez implicitement aux pr\u00e9sentes Conditions.<\/p>\n<p><u>Notre engagement en faveur de l&rsquo;accessibilit\u00e9<\/u><\/p>\n<p>SERENE-RISC s&rsquo;est engag\u00e9 \u00e0 offrir aux internautes un niveau \u00e9lev\u00e9 d&rsquo;accessibilit\u00e9. Si vous \u00e9prouvez des difficult\u00e9s \u00e0 consulter notre site Web, nous vous prions de prendre contact avec nous afin de v\u00e9rifier si l&rsquo;information recherch\u00e9e existe en d&rsquo;autres formats tels qu\u2019en PDF ou en fichier texte.<\/p>\n<p><u>Juridictions<\/u><\/p>\n<p>Les pr\u00e9sentes Conditions sont r\u00e9gies par les lois du Canada et du Qu\u00e9bec. Toute contestation relative \u00e0 ce document sera assujettie \u00e0 la juridiction des tribunaux du Canada et du Qu\u00e9bec.<\/p>\n<p><u>Mises \u00e0 jour<\/u><\/p>\n<p>Ces Conditions peuvent \u00eatre mises \u00e0 jour de temps \u00e0 autre. Ces modifications ainsi que la date de mise \u00e0 jour sont publi\u00e9es sur cette page.<\/p>\n<p>La derni\u00e8re mise \u00e0 jour de ces Termes et conditions d&rsquo;utilisation date du 28 ao\u00fbt 2014.<\/p>\n<p><u>Nous joindre<\/u><\/p>\n<p>Pour toute question ou pour nous faire part d&rsquo;une pr\u00e9occupation au sujet du pr\u00e9sent document, du site Web, de votre vie priv\u00e9e ou du droit d&rsquo;auteur, vous \u00eates pri\u00e9s de nous contacter par la poste, par courriel ou par t\u00e9l\u00e9phone.<\/p>\n<p>Adresse postale:<br \/>\nSERENE-RISC<br \/>\nUniversit\u00e9 de Montr\u00e9al &#8211; CICC<br \/>\nPavillon Lionel-Groulx<br \/>\nC.P. 6128, succ. Centre-Ville<br \/>\nMontr\u00e9al (Qu\u00e9bec) \u00a0H3C 3J7<\/p>\n<p>Courriel\u00a0:<br \/>\n<a href=\"mailto:info@serene-risc.ca\"><u>info@serene-risc.ca<\/u><\/a><\/p>\n<p>T\u00e9l\u00e9phone:<br \/>\n514-343-6111 poste 29546<\/p>\n","protected":false},"excerpt":{"rendered":"<p>&nbsp;<\/p>\n<p>Veuillez lire les Termes et conditions d&rsquo;utilisation, la Politique de protection des renseignements personnels et l&rsquo;Avis de droit d&rsquo;auteur qui suivent, ci-apr\u00e8s appel\u00e9s Conditions, r\u00e9gissant l&rsquo;utilisation du site Web cybersec101.ca. En utilisant, en navigant, en lisant ou en consultant le site Web du R\u00e9seau int\u00e9gr\u00e9 sur la cybers\u00e9curit\u00e9 (SERENE-RISC), vous signifiez que vous consentez, [&#8230;]<\/p>\n","protected":false},"author":1,"featured_media":0,"parent":0,"menu_order":0,"comment_status":"closed","ping_status":"closed","template":"","meta":{"footnotes":""},"_links":{"self":[{"href":"https:\/\/www.cybersec101.ca\/fr\/wp-json\/wp\/v2\/pages\/1438"}],"collection":[{"href":"https:\/\/www.cybersec101.ca\/fr\/wp-json\/wp\/v2\/pages"}],"about":[{"href":"https:\/\/www.cybersec101.ca\/fr\/wp-json\/wp\/v2\/types\/page"}],"author":[{"embeddable":true,"href":"https:\/\/www.cybersec101.ca\/fr\/wp-json\/wp\/v2\/users\/1"}],"replies":[{"embeddable":true,"href":"https:\/\/www.cybersec101.ca\/fr\/wp-json\/wp\/v2\/comments?post=1438"}],"version-history":[{"count":4,"href":"https:\/\/www.cybersec101.ca\/fr\/wp-json\/wp\/v2\/pages\/1438\/revisions"}],"predecessor-version":[{"id":1445,"href":"https:\/\/www.cybersec101.ca\/fr\/wp-json\/wp\/v2\/pages\/1438\/revisions\/1445"}],"wp:attachment":[{"href":"https:\/\/www.cybersec101.ca\/fr\/wp-json\/wp\/v2\/media?parent=1438"}],"curies":[{"name":"wp","href":"https:\/\/api.w.org\/{rel}","templated":true}]}}