{"id":367,"date":"2016-04-01T20:41:17","date_gmt":"2016-04-01T20:41:17","guid":{"rendered":"http:\/\/cybersec101.ca\/fr\/themes\/control-security\/"},"modified":"2017-02-03T14:29:42","modified_gmt":"2017-02-03T19:29:42","slug":"control-security","status":"publish","type":"page","link":"https:\/\/www.cybersec101.ca\/fr\/themes\/control-security\/","title":{"rendered":"S\u00e9curit\u00e9 et confidentialit\u00e9"},"content":{"rendered":"","protected":false},"excerpt":{"rendered":"","protected":false},"author":1,"featured_media":0,"parent":191,"menu_order":5,"comment_status":"closed","ping_status":"closed","template":"themes.php","meta":{"footnotes":""},"_links":{"self":[{"href":"https:\/\/www.cybersec101.ca\/fr\/wp-json\/wp\/v2\/pages\/367"}],"collection":[{"href":"https:\/\/www.cybersec101.ca\/fr\/wp-json\/wp\/v2\/pages"}],"about":[{"href":"https:\/\/www.cybersec101.ca\/fr\/wp-json\/wp\/v2\/types\/page"}],"author":[{"embeddable":true,"href":"https:\/\/www.cybersec101.ca\/fr\/wp-json\/wp\/v2\/users\/1"}],"replies":[{"embeddable":true,"href":"https:\/\/www.cybersec101.ca\/fr\/wp-json\/wp\/v2\/comments?post=367"}],"version-history":[{"count":10,"href":"https:\/\/www.cybersec101.ca\/fr\/wp-json\/wp\/v2\/pages\/367\/revisions"}],"predecessor-version":[{"id":1726,"href":"https:\/\/www.cybersec101.ca\/fr\/wp-json\/wp\/v2\/pages\/367\/revisions\/1726"}],"up":[{"embeddable":true,"href":"https:\/\/www.cybersec101.ca\/fr\/wp-json\/wp\/v2\/pages\/191"}],"wp:attachment":[{"href":"https:\/\/www.cybersec101.ca\/fr\/wp-json\/wp\/v2\/media?parent=367"}],"curies":[{"name":"wp","href":"https:\/\/api.w.org\/{rel}","templated":true}]}}